{"id":16,"date":"2025-05-20T09:32:16","date_gmt":"2025-05-20T09:32:16","guid":{"rendered":"https:\/\/dynga.pl\/?page_id=16"},"modified":"2026-04-02T12:59:00","modified_gmt":"2026-04-02T12:59:00","slug":"portret","status":"publish","type":"page","link":"https:\/\/dynga.pl\/?page_id=16","title":{"rendered":"Portret"},"content":{"rendered":"<p>[et_pb_section fb_built=&#8221;1&#8243; admin_label=&#8221;Header&#8221; _builder_version=&#8221;4.25.1&#8243; _module_preset=&#8221;default&#8221; custom_padding=&#8221;0px||0px||true|false&#8221; collapsed=&#8221;on&#8221; global_colors_info=&#8221;{}&#8221;][et_pb_row column_structure=&#8221;1_2,1_2&#8243; use_custom_gutter=&#8221;on&#8221; gutter_width=&#8221;1&#8243; make_equal=&#8221;on&#8221; _builder_version=&#8221;4.27.5&#8243; _module_preset=&#8221;default&#8221; width=&#8221;100%&#8221; max_width=&#8221;none&#8221; custom_padding=&#8221;0px||0px||true|false&#8221; global_colors_info=&#8221;{}&#8221;][et_pb_column type=&#8221;1_2&#8243; _builder_version=&#8221;4.27.5&#8243; _module_preset=&#8221;default&#8221; background_color=&#8221;#2c3547&#8243; background_image=&#8221;http:\/\/dynga.pl\/wp-content\/uploads\/2025\/06\/K_Durczok_Dynga_03-1536&#215;1536-2.jpg&#8221; background_blend=&#8221;multiply&#8221; custom_padding=&#8221;10%|5%|10%|5%|true|true&#8221; custom_padding_tablet=&#8221;10%|5%|10%|5%|true|true&#8221; custom_padding_phone=&#8221;30%||30%||true|true&#8221; custom_padding_last_edited=&#8221;on|phone&#8221; global_colors_info=&#8221;{}&#8221;][et_pb_heading title=&#8221;Fotografia portretowa to spotkanie z Tob\u0105&#8221; _builder_version=&#8221;4.27.5&#8243; _module_preset=&#8221;7172574b-e49d-472d-8ac3-156995ff587c&#8221; title_font=&#8221;DM Sans|&#8211;et_global_heading_font_weight||on|||||&#8221; title_text_align=&#8221;center&#8221; title_text_color=&#8221;#FFFFFF&#8221; global_colors_info=&#8221;{}&#8221;][\/et_pb_heading][et_pb_image src=&#8221;http:\/\/dynga.pl\/wp-content\/uploads\/2025\/10\/63A1390-scaled-e1759771857753.jpg&#8221; title_text=&#8221;_63A1390&#8243; align=&#8221;center&#8221; _builder_version=&#8221;4.27.5&#8243; _module_preset=&#8221;3b0ab401-932b-45aa-8c8c-8ad677868cee&#8221; background_color=&#8221;rgba(89,89,89,0.86)&#8221; background_image=&#8221;http:\/\/dynga.pl\/wp-content\/uploads\/2025\/06\/portret_Darek_Chojnacki_Marta_Grochowska_21-ZwdWTXhs-1536&#215;2048-1-e1749627303593.jpg&#8221; background_blend=&#8221;overlay&#8221; width=&#8221;60%&#8221; module_alignment=&#8221;center&#8221; custom_margin=&#8221;||30px||false|false&#8221; animation_style=&#8221;fold&#8221; border_radii=&#8221;on|0px|0px|0px|0px&#8221; global_colors_info=&#8221;{}&#8221;][\/et_pb_image][et_pb_button button_url=&#8221;#more&#8221; button_text=&#8221;Dowiedz si\u0119 wi\u0119cej&#8221; button_alignment=&#8221;center&#8221; _builder_version=&#8221;4.27.5&#8243; _module_preset=&#8221;f76569b9-a042-4226-a796-c2676132992b&#8221; hover_enabled=&#8221;0&#8243; global_colors_info=&#8221;{}&#8221; sticky_enabled=&#8221;0&#8243;][\/et_pb_button][\/et_pb_column][et_pb_column type=&#8221;1_2&#8243; _builder_version=&#8221;4.27.5&#8243; _module_preset=&#8221;default&#8221; background_image=&#8221;http:\/\/dynga.pl\/wp-content\/uploads\/2026\/03\/IMG_1484-scaled.jpg&#8221; global_colors_info=&#8221;{}&#8221;][et_pb_divider show_divider=&#8221;off&#8221; _builder_version=&#8221;4.25.1&#8243; _module_preset=&#8221;3da7676a-2b7d-4931-817d-495e5659ffa8&#8243; height_tablet=&#8221;50vw&#8221; height_phone=&#8221;50vw&#8221; height_last_edited=&#8221;on|phone&#8221; global_colors_info=&#8221;{}&#8221;][\/et_pb_divider][\/et_pb_column][\/et_pb_row][\/et_pb_section][et_pb_section fb_built=&#8221;1&#8243; admin_label=&#8221;Header&#8221; _builder_version=&#8221;4.27.5&#8243; _module_preset=&#8221;default&#8221; background_enable_image=&#8221;off&#8221; parallax=&#8221;on&#8221; locked=&#8221;off&#8221; collapsed=&#8221;on&#8221; global_colors_info=&#8221;{}&#8221;][et_pb_row _builder_version=&#8221;4.27.5&#8243; _module_preset=&#8221;default&#8221; width=&#8221;90%&#8221; max_width=&#8221;none&#8221; hover_enabled=&#8221;0&#8243; global_colors_info=&#8221;{}&#8221; module_id=&#8221;more&#8221; sticky_enabled=&#8221;0&#8243;][et_pb_column type=&#8221;4_4&#8243; _builder_version=&#8221;4.24.2&#8243; _module_preset=&#8221;default&#8221; global_colors_info=&#8221;{}&#8221;][et_pb_text _builder_version=&#8221;4.27.5&#8243; _module_preset=&#8221;default&#8221; global_colors_info=&#8221;{}&#8221;]<\/p>\n<h1>Autorska fotografia portretowa to nie tylko wykonanie zdj\u0119cia. To proces poznawania, budowania opowie\u015bci i wsp\u00f3lnego tworzenia obrazu, kt\u00f3ry b\u0119dzie sp\u00f3jny z tym, kim jeste\u015b&#8230;<\/h1>\n<p>[\/et_pb_text][\/et_pb_column][\/et_pb_row][et_pb_row column_structure=&#8221;1_4,1_4,1_2&#8243; _builder_version=&#8221;4.24.2&#8243; _module_preset=&#8221;default&#8221; width=&#8221;90%&#8221; max_width=&#8221;none&#8221; global_colors_info=&#8221;{}&#8221;][et_pb_column type=&#8221;1_4&#8243; _builder_version=&#8221;4.24.2&#8243; _module_preset=&#8221;default&#8221; global_colors_info=&#8221;{}&#8221;][et_pb_image src=&#8221;http:\/\/dynga.pl\/wp-content\/uploads\/2025\/10\/sesja_wizerunkowa_Martyna_015.jpg&#8221; title_text=&#8221;sesja_wizerunkowa_Martyna_015&#8243; force_fullwidth=&#8221;on&#8221; _builder_version=&#8221;4.27.5&#8243; _module_preset=&#8221;default&#8221; global_colors_info=&#8221;{}&#8221;][\/et_pb_image][et_pb_text _builder_version=&#8221;4.27.5&#8243; _module_preset=&#8221;default&#8221; hover_enabled=&#8221;0&#8243; global_colors_info=&#8221;{}&#8221; sticky_enabled=&#8221;0&#8243;]<\/p>\n<p data-start=\"318\" data-end=\"551\"><span style=\"color: #000000;\">Profesjonalna fotografia portretowa dla os\u00f3b, kt\u00f3re potrzebuj\u0105 naturalnych i estetycznych zdj\u0119\u0107 do cel\u00f3w prywatnych lub zawodowych \u2014 na stron\u0119 internetow\u0105, do medi\u00f3w spo\u0142eczno\u015bciowych, materia\u0142\u00f3w promocyjnych lub archiwum osobistego.<\/span><\/p>\n<p data-start=\"553\" data-end=\"673\"><span style=\"color: #000000;\">Sesja realizowana jest w spokojnej atmosferze, z dba\u0142o\u015bci\u0105 o komfort osoby fotografowanej oraz o jako\u015b\u0107 ko\u0144cowych zdj\u0119\u0107.<\/span><\/p>\n<p><span style=\"color: #000000;\"><\/span><\/p>\n<p>[\/et_pb_text][\/et_pb_column][et_pb_column type=&#8221;1_4&#8243; _builder_version=&#8221;4.24.2&#8243; _module_preset=&#8221;default&#8221; global_colors_info=&#8221;{}&#8221;][\/et_pb_column][et_pb_column type=&#8221;1_2&#8243; _builder_version=&#8221;4.24.2&#8243; _module_preset=&#8221;default&#8221; global_colors_info=&#8221;{}&#8221;][et_pb_image src=&#8221;http:\/\/dynga.pl\/wp-content\/uploads\/2025\/06\/04Dynga_Aleksandra_Poplawska.jpg&#8221; title_text=&#8221;04Dynga_Aleksandra_Poplawska&#8221; align=&#8221;right&#8221; force_fullwidth=&#8221;on&#8221; _builder_version=&#8221;4.27.5&#8243; _module_preset=&#8221;default&#8221; global_colors_info=&#8221;{}&#8221;][\/et_pb_image][\/et_pb_column][\/et_pb_row][\/et_pb_section][et_pb_section fb_built=&#8221;1&#8243; admin_label=&#8221;Models&#8221; _builder_version=&#8221;4.24.2&#8243; _module_preset=&#8221;default&#8221; background_color=&#8221;#000000&#8243; hover_enabled=&#8221;0&#8243; locked=&#8221;off&#8221; collapsed=&#8221;on&#8221; global_colors_info=&#8221;{}&#8221; sticky_enabled=&#8221;0&#8243;][et_pb_row column_structure=&#8221;1_2,1_2&#8243; _builder_version=&#8221;4.24.2&#8243; _module_preset=&#8221;default&#8221; width=&#8221;90%&#8221; max_width=&#8221;2000px&#8221; global_colors_info=&#8221;{}&#8221; custom_margin=&#8221;|73px||auto||&#8221;][et_pb_column type=&#8221;1_2&#8243; _builder_version=&#8221;4.24.2&#8243; _module_preset=&#8221;default&#8221; global_colors_info=&#8221;{}&#8221;][et_pb_image src=&#8221;http:\/\/dynga.pl\/wp-content\/uploads\/2025\/06\/K_Durczok_Dynga_05.jpg&#8221; title_text=&#8221;K_Durczok_Dynga_05&#8243; _builder_version=&#8221;4.27.5&#8243; _module_preset=&#8221;default&#8221; global_colors_info=&#8221;{}&#8221;][\/et_pb_image][\/et_pb_column][et_pb_column type=&#8221;1_2&#8243; _builder_version=&#8221;4.24.2&#8243; _module_preset=&#8221;default&#8221; global_colors_info=&#8221;{}&#8221;][et_pb_text _builder_version=&#8221;4.27.5&#8243; _module_preset=&#8221;default&#8221; hover_enabled=&#8221;0&#8243; global_colors_info=&#8221;{}&#8221; sticky_enabled=&#8221;0&#8243;]<\/p>\n<h3 data-section-id=\"5lbs1i\" data-start=\"92\" data-end=\"148\"><span role=\"text\" style=\"color: #ffffff;\"><strong data-start=\"96\" data-end=\"148\">Poka\u017c siebie \u2013 autentyczna fotografia portretowa<\/strong><\/span><\/h3>\n<p data-start=\"150\" data-end=\"452\">[\/et_pb_text][et_pb_text _builder_version=&#8221;4.27.5&#8243; _module_preset=&#8221;default&#8221; hover_enabled=&#8221;0&#8243; sticky_enabled=&#8221;0&#8243;]<\/p>\n<p data-start=\"711\" data-end=\"912\"><span style=\"color: #ffffff;\">Sesja portretowa koncentruje si\u0119 na uchwyceniu naturalnego wizerunku fotografowanej osoby. Przed rozpocz\u0119ciem ustalamy charakter zdj\u0119\u0107, lokalizacj\u0119 oraz styl, kt\u00f3ry najlepiej odpowiada Twoim potrzebom.<\/span><\/p>\n<p data-start=\"914\" data-end=\"1024\"><span style=\"color: #ffffff;\">Zdj\u0119cia mog\u0105 zosta\u0107 wykonane w studio, w plenerze lub w przestrzeni zwi\u0105zanej z Twoj\u0105 prac\u0105 lub dzia\u0142alno\u015bci\u0105.<\/span><\/p>\n<p data-start=\"1026\" data-end=\"1168\"><span style=\"color: #ffffff;\">Podczas sesji zapewniam wskaz\u00f3wki dotycz\u0105ce ustawienia, \u015bwiat\u0142a i kompozycji, dzi\u0119ki czemu zdj\u0119cia zachowuj\u0105 profesjonalny i sp\u00f3jny charakter.<\/span><\/p>\n<p>[\/et_pb_text][et_pb_image src=&#8221;http:\/\/dynga.pl\/wp-content\/uploads\/2025\/06\/K_Durczok_Dynga_13-1022&#215;1536-2.jpg&#8221; title_text=&#8221;K_Durczok_Dynga_13-1022&#215;1536&#8243; _builder_version=&#8221;4.27.5&#8243; _module_preset=&#8221;default&#8221; width=&#8221;50%&#8221; module_alignment=&#8221;right&#8221; global_colors_info=&#8221;{}&#8221;][\/et_pb_image][\/et_pb_column][\/et_pb_row][\/et_pb_section][et_pb_section fb_built=&#8221;1&#8243; admin_label=&#8221;Featured Models&#8221; _builder_version=&#8221;4.24.2&#8243; _module_preset=&#8221;default&#8221; locked=&#8221;off&#8221; collapsed=&#8221;on&#8221; global_colors_info=&#8221;{}&#8221;][et_pb_row column_structure=&#8221;1_2,1_2&#8243; _builder_version=&#8221;4.27.5&#8243; _module_preset=&#8221;default&#8221; width=&#8221;90%&#8221; max_width=&#8221;2000px&#8221; global_colors_info=&#8221;{}&#8221;][et_pb_column type=&#8221;1_2&#8243; _builder_version=&#8221;4.24.2&#8243; _module_preset=&#8221;default&#8221; global_colors_info=&#8221;{}&#8221;][et_pb_text _builder_version=&#8221;4.27.5&#8243; _module_preset=&#8221;default&#8221; global_colors_info=&#8221;{}&#8221;]<\/p>\n<h2>Portret artystyczny<\/h2>\n<p>[\/et_pb_text][et_pb_text _builder_version=&#8221;4.27.5&#8243; _module_preset=&#8221;default&#8221; hover_enabled=&#8221;0&#8243; global_colors_info=&#8221;{}&#8221; sticky_enabled=&#8221;0&#8243; width_last_edited=&#8221;on|phone&#8221;]<\/p>\n<p><span style=\"color: #000000;\">Tworz\u0119 portrety dla tych, kt\u00f3rzy widz\u0105 w fotografii co\u015b wi\u0119cej ni\u017c obraz \u2014 dla artyst\u00f3w, tw\u00f3rc\u00f3w, muzyk\u00f3w i wszystkich, kt\u00f3rzy chc\u0105 odnale\u017a\u0107 w kadrze siebie.\u00a0<\/span><\/p>\n<p>[\/et_pb_text][et_pb_image src=&#8221;http:\/\/dynga.pl\/wp-content\/uploads\/2026\/03\/MG_2195-IIBGqljs-scaled.jpg&#8221; title_text=&#8221;Portret Artystyczny Dynga &#8221; show_in_lightbox=&#8221;on&#8221; overlay_icon_color=&#8221;#FFFFFF&#8221; hover_overlay_color=&#8221;RGBA(198,186,172,0.5)&#8221; _builder_version=&#8221;4.27.5&#8243; _module_preset=&#8221;af0d9c85-4ea1-4d36-bf0c-2ed0124ac648&#8243; width=&#8221;60%&#8221; custom_margin=&#8221;||20px||false|false&#8221; global_colors_info=&#8221;{}&#8221;][\/et_pb_image][et_pb_text _builder_version=&#8221;4.27.5&#8243; _module_preset=&#8221;default&#8221; hover_enabled=&#8221;0&#8243; global_colors_info=&#8221;{}&#8221; sticky_enabled=&#8221;0&#8243; width_last_edited=&#8221;on|phone&#8221; width=&#8221;60%&#8221; width_tablet=&#8221;60%&#8221; width_phone=&#8221;60%&#8221;]<\/p>\n<p data-start=\"1201\" data-end=\"1262\">Sesja portretowa jest odpowiednia dla os\u00f3b, kt\u00f3re potrzebuj\u0105:<\/p>\n<ul data-start=\"1264\" data-end=\"1468\">\n<li data-section-id=\"bwg0q4\" data-start=\"1264\" data-end=\"1303\">profesjonalnych zdj\u0119\u0107 wizerunkowych<\/li>\n<li data-section-id=\"7luelf\" data-start=\"1304\" data-end=\"1355\">fotografii do strony internetowej lub portfolio<\/li>\n<li data-section-id=\"pdh6ao\" data-start=\"1356\" data-end=\"1393\">zdj\u0119\u0107 do medi\u00f3w spo\u0142eczno\u015bciowych<\/li>\n<li data-section-id=\"zus9l\" data-start=\"1394\" data-end=\"1436\">materia\u0142\u00f3w promocyjnych lub publikacji<\/li>\n<li data-section-id=\"i7ke2w\" data-start=\"1437\" data-end=\"1468\">aktualnych zdj\u0119\u0107 portretowych<\/li>\n<\/ul>\n<p data-start=\"577\" data-end=\"865\">\n<p>[\/et_pb_text][\/et_pb_column][et_pb_column type=&#8221;1_2&#8243; _builder_version=&#8221;4.24.2&#8243; _module_preset=&#8221;default&#8221; global_colors_info=&#8221;{}&#8221;][et_pb_image src=&#8221;http:\/\/dynga.pl\/wp-content\/uploads\/2025\/06\/Mateusz_Znaniecki_fot_MGrochowska003-scaled-1.jpg&#8221; title_text=&#8221;Mateusz_Znaniecki_fot_MGrochowska003-scaled&#8221; show_in_lightbox=&#8221;on&#8221; overlay_icon_color=&#8221;#FFFFFF&#8221; hover_overlay_color=&#8221;rgba(198,186,172,0.5)&#8221; _builder_version=&#8221;4.27.5&#8243; _module_preset=&#8221;af0d9c85-4ea1-4d36-bf0c-2ed0124ac648&#8243; custom_margin=&#8221;||20px||false|false&#8221; global_colors_info=&#8221;{}&#8221;][\/et_pb_image][et_pb_text _builder_version=&#8221;4.27.5&#8243; _module_preset=&#8221;default&#8221; hover_enabled=&#8221;0&#8243; global_colors_info=&#8221;{}&#8221; sticky_enabled=&#8221;0&#8243;]<\/p>\n<p data-start=\"1227\" data-end=\"1473\"><span style=\"color: #000000;\">Sama sesja trwa zazwyczaj <strong data-start=\"1253\" data-end=\"1275\">oko\u0142o dw\u00f3ch godzin<\/strong>. To czas, kt\u00f3ry pozwala spokojnie wej\u015b\u0107 w proces fotografowania, oswoi\u0107 si\u0119 z aparatem i odnale\u017a\u0107 naturalny rytm pracy. Dzi\u0119ki temu zdj\u0119cia powstaj\u0105 bez po\u015bpiechu, w atmosferze skupienia i swobody.<\/span><\/p>\n<p data-start=\"577\" data-end=\"865\">\n<p>[\/et_pb_text][\/et_pb_column][\/et_pb_row][\/et_pb_section][et_pb_section fb_built=&#8221;1&#8243; admin_label=&#8221;Call to Action&#8221; _builder_version=&#8221;4.24.2&#8243; _module_preset=&#8221;default&#8221; background_color=&#8221;#000000&#8243; locked=&#8221;off&#8221; collapsed=&#8221;on&#8221; global_colors_info=&#8221;{}&#8221;][et_pb_row column_structure=&#8221;1_2,1_2&#8243; _builder_version=&#8221;4.24.2&#8243; _module_preset=&#8221;default&#8221; width=&#8221;90%&#8221; max_width=&#8221;2000px&#8221; global_colors_info=&#8221;{}&#8221;][et_pb_column type=&#8221;1_2&#8243; _builder_version=&#8221;4.24.2&#8243; _module_preset=&#8221;default&#8221; global_colors_info=&#8221;{}&#8221;][et_pb_text _builder_version=&#8221;4.27.5&#8243; _module_preset=&#8221;default&#8221; global_colors_info=&#8221;{}&#8221;]<\/p>\n<h2><span style=\"color: #ffffff;\">Podr\u00f3\u017c w g\u0142\u0105b Ciebie, w poszukiwaniu \u015bwiat\u0142a, gestu i emocji<\/span><\/h2>\n<p>[\/et_pb_text][\/et_pb_column][et_pb_column type=&#8221;1_2&#8243; _builder_version=&#8221;4.27.5&#8243; _module_preset=&#8221;default&#8221; global_colors_info=&#8221;{}&#8221;][et_pb_text _builder_version=&#8221;4.27.5&#8243; _module_preset=&#8221;default&#8221; hover_enabled=&#8221;0&#8243; global_colors_info=&#8221;{}&#8221; sticky_enabled=&#8221;0&#8243;]<\/p>\n<div class=\"flex flex-col text-sm pb-25\">\n<section class=\"text-token-text-primary w-full focus:outline-none [--shadow-height:45px] has-data-writing-block:pointer-events-none has-data-writing-block:-mt-(--shadow-height) has-data-writing-block:pt-(--shadow-height) [&amp;:has([data-writing-block])&gt;*]:pointer-events-auto scroll-mt-[calc(var(--header-height)+min(200px,max(70px,20svh)))]\" dir=\"auto\" data-turn-id=\"request-WEB:e00a933e-1e8d-4325-921e-8ce1021d942d-0\" data-testid=\"conversation-turn-2\" data-scroll-anchor=\"true\" data-turn=\"assistant\">\n<div class=\"text-base my-auto mx-auto pb-10 [--thread-content-margin:var(--thread-content-margin-xs,calc(var(--spacing)*4))] @w-sm\/main:[--thread-content-margin:var(--thread-content-margin-sm,calc(var(--spacing)*6))] @w-lg\/main:[--thread-content-margin:var(--thread-content-margin-lg,calc(var(--spacing)*16))] px-(--thread-content-margin)\">\n<div class=\"[--thread-content-max-width:40rem] @w-lg\/main:[--thread-content-max-width:48rem] mx-auto max-w-(--thread-content-max-width) flex-1 group\/turn-messages focus-visible:outline-hidden relative flex w-full min-w-0 flex-col agent-turn\">\n<div class=\"flex max-w-full flex-col gap-4 grow\">\n<div data-message-author-role=\"assistant\" data-message-id=\"ac2ec41d-2b39-4ee9-a770-ab5dc69113c3\" dir=\"auto\" data-message-model-slug=\"gpt-5-3\" class=\"min-h-8 text-message relative flex w-full flex-col items-end gap-2 text-start break-words whitespace-normal outline-none keyboard-focused:focus-ring [.text-message+&amp;]:mt-1\" data-turn-start-message=\"true\" tabindex=\"0\">\n<div class=\"flex w-full flex-col gap-1 empty:hidden\">\n<div class=\"markdown prose dark:prose-invert w-full wrap-break-word light markdown-new-styling\">\n<p data-start=\"1475\" data-end=\"1654\"><span style=\"color: #ffffff;\">Po sesji wybieram <strong data-start=\"1493\" data-end=\"1513\">najlepsze uj\u0119cia<\/strong>, kt\u00f3re poddaj\u0119 autorskiemu retuszowi. Gotowe fotografie otrzymujesz w finalnej, dopracowanej formie \u2013 jako obrazy, kt\u00f3re opowiadaj\u0105 o Tobie.<\/span><\/p>\n<p data-start=\"1656\" data-end=\"1793\" data-is-last-node=\"\" data-is-only-node=\"\"><span style=\"color: #ffffff;\">Bo fotografia artystyczna nie polega na tym, by jedynie pokaza\u0107 jak wygl\u0105dasz.<\/span><br data-start=\"1734\" data-end=\"1737\" \/><span style=\"color: #ffffff;\">Chodzi o to, aby <strong data-start=\"1754\" data-end=\"1792\">zobaczy\u0107 i uchwyci\u0107 to, kim jeste\u015b<\/strong>.<\/span><\/p>\n<\/div>\n<\/div>\n<\/div>\n<\/div>\n<div class=\"z-0 flex min-h-[46px] justify-start\"><\/div>\n<div class=\"mt-3 w-full empty:hidden\">\n<div class=\"text-center\"><\/div>\n<\/div>\n<\/div>\n<\/div>\n<\/section>\n<\/div>\n<div aria-hidden=\"true\" data-edge=\"true\" class=\"pointer-events-none h-px w-px absolute bottom-0\"><\/div>\n<p data-start=\"577\" data-end=\"865\">[\/et_pb_text][et_pb_button button_text=&#8221;View Featured Work&#8221; button_alignment=&#8221;right&#8221; button_alignment_tablet=&#8221;left&#8221; button_alignment_phone=&#8221;left&#8221; button_alignment_last_edited=&#8221;on|tablet&#8221; _builder_version=&#8221;4.24.2&#8243; _module_preset=&#8221;f52357a9-e6c8-48e4-aab9-36ead657536d&#8221; hover_enabled=&#8221;0&#8243; global_colors_info=&#8221;{}&#8221; sticky_enabled=&#8221;0&#8243;][\/et_pb_button][\/et_pb_column][\/et_pb_row][\/et_pb_section][et_pb_section fb_built=&#8221;1&#8243; _builder_version=&#8221;4.27.5&#8243; _module_preset=&#8221;default&#8221; global_colors_info=&#8221;{}&#8221; custom_padding=&#8221;|0px||||&#8221;][et_pb_row _builder_version=&#8221;4.27.5&#8243; _module_preset=&#8221;default&#8221; column_structure=&#8221;1_2,1_2&#8243; hover_enabled=&#8221;0&#8243; sticky_enabled=&#8221;0&#8243; make_equal=&#8221;on&#8221;][et_pb_column _builder_version=&#8221;4.27.5&#8243; _module_preset=&#8221;default&#8221; type=&#8221;1_2&#8243;][et_pb_heading title=&#8221;Jak wygl\u0105da sesja&#8221; _builder_version=&#8221;4.27.5&#8243; _module_preset=&#8221;default&#8221; hover_enabled=&#8221;0&#8243; sticky_enabled=&#8221;0&#8243;][\/et_pb_heading][et_pb_text _builder_version=&#8221;4.27.5&#8243; _module_preset=&#8221;default&#8221; hover_enabled=&#8221;0&#8243; sticky_enabled=&#8221;0&#8243; custom_margin=&#8221;||29px||false|false&#8221;]<\/p>\n<h4>Proces realizacji sesji przebiega w kilku etapach:<\/h4>\n<p>[\/et_pb_text][et_pb_text _builder_version=&#8221;4.27.5&#8243; _module_preset=&#8221;default&#8221; hover_enabled=&#8221;0&#8243; sticky_enabled=&#8221;0&#8243;]<\/p>\n<p data-start=\"1548\" data-end=\"1636\"><span style=\"color: #000000;\"><strong data-start=\"1548\" data-end=\"1575\">1. Ustalenie szczeg\u00f3\u0142\u00f3w<\/strong><\/span><br data-start=\"1575\" data-end=\"1578\" \/><span style=\"color: #000000;\">Przed sesj\u0105 omawiamy jej charakter, styl oraz lokalizacj\u0119.<\/span><\/p>\n<p data-start=\"1638\" data-end=\"1728\"><span style=\"color: #000000;\"><strong data-start=\"1638\" data-end=\"1658\">2. Wyb\u00f3r miejsca<\/strong><\/span><br data-start=\"1658\" data-end=\"1661\" \/><span style=\"color: #000000;\">Sesja mo\u017ce odby\u0107 si\u0119 w studio, plenerze lub w wybranej przestrzeni.<\/span><\/p>\n<p data-start=\"1730\" data-end=\"1795\"><span style=\"color: #000000;\"><strong data-start=\"1730\" data-end=\"1753\">3. Realizacja zdj\u0119\u0107<\/strong><\/span><br data-start=\"1753\" data-end=\"1756\" \/><span style=\"color: #000000;\">Sesja trwa zazwyczaj od 60 do 90 minut.<\/span><\/p>\n<p data-start=\"1797\" data-end=\"1881\"><span style=\"color: #000000;\"><strong data-start=\"1797\" data-end=\"1820\">4. Wyb\u00f3r fotografii<\/strong><\/span><br data-start=\"1820\" data-end=\"1823\" \/><span style=\"color: #000000;\">Po sesji udost\u0119pniana jest galeria z materia\u0142em do wyboru.<\/span><\/p>\n<p data-start=\"1883\" data-end=\"1961\"><span style=\"color: #000000;\"><strong data-start=\"1883\" data-end=\"1903\">5. Obr\u00f3bka zdj\u0119\u0107<\/strong><\/span><br data-start=\"1903\" data-end=\"1906\" \/><span style=\"color: #000000;\">Wybrane fotografie poddawane s\u0105 profesjonalnej obr\u00f3bce.<\/span><\/p>\n<p>[\/et_pb_text][\/et_pb_column][et_pb_column _builder_version=&#8221;4.27.5&#8243; _module_preset=&#8221;default&#8221; type=&#8221;1_2&#8243; background_color=&#8221;gcid-secondary-color&#8221; global_colors_info=&#8221;{%22gcid-secondary-color%22:%91%22background_color%22%93}&#8221; hover_enabled=&#8221;0&#8243; sticky_enabled=&#8221;0&#8243; custom_padding=&#8221;6vw||||false|false&#8221; scroll_vertical_motion_enable=&#8221;on&#8221; border_radii=&#8221;on|20px|20px|20px|20px&#8221;][et_pb_text _builder_version=&#8221;4.27.5&#8243; _module_preset=&#8221;default&#8221; hover_enabled=&#8221;0&#8243; sticky_enabled=&#8221;0&#8243; custom_margin=&#8221;||29px||false|false&#8221;]<\/p>\n<h3 class=\"et_pb_pricing_title et-fb-editable-element et-fb-editable-element__editing\" data-shortcode-id=\"6.0.1.0.0-1775124319702\" data-quickaccess-id=\"header-header\" contenteditable=\"true\" style=\"text-align: center;\"><span style=\"color: #000000;\">Co obejmuje sesja<\/span><\/h3>\n<p>[\/et_pb_text][et_pb_text _builder_version=&#8221;4.27.5&#8243; _module_preset=&#8221;default&#8221; hover_enabled=&#8221;0&#8243; sticky_enabled=&#8221;0&#8243;]<\/p>\n<p data-start=\"1548\" data-end=\"1636\" style=\"text-align: center;\"><span style=\"color: #000000;\"><strong data-start=\"1638\" data-end=\"1658\" style=\"font-size: 16px;\">W ramach sesji otrzymujesz:<\/strong><\/span><\/p>\n<p data-start=\"1548\" data-end=\"1636\" style=\"text-align: center;\"><span style=\"color: #000000;\"><strong data-start=\"1638\" data-end=\"1658\" style=\"font-size: 16px;\">&#8211; realizacj\u0119 sesji fotograficznej<\/strong><\/span><\/p>\n<p data-start=\"1548\" data-end=\"1636\" style=\"text-align: center;\"><span style=\"color: #000000;\"><strong data-start=\"1638\" data-end=\"1658\" style=\"font-size: 16px;\"><\/strong><strong>&#8211; wybrane fotografie w pe\u0142nej rozdzielczo\u015bci<\/strong><\/span><\/p>\n<p data-start=\"1548\" data-end=\"1636\" style=\"text-align: center;\"><span style=\"color: #000000;\"><strong>&#8211; profesjonaln\u0105 obr\u00f3bk\u0119 zdj\u0119\u0107<\/strong><\/span><\/p>\n<p data-start=\"1548\" data-end=\"1636\" style=\"text-align: center;\"><span style=\"color: #000000;\"><strong>&#8211; dost\u0119p do prywatnej galerii online<\/strong><\/span><\/p>\n<p data-start=\"1548\" data-end=\"1636\" style=\"text-align: center;\"><span style=\"color: #000000;\"><strong>&#8211; mo\u017cliwo\u015b\u0107 zam\u00f3wienia dodatkowych zdj\u0119\u0107<\/strong><\/span><\/p>\n<p>[\/et_pb_text][et_pb_button button_text=&#8221;Pobierz ofert\u0119&#8221; _builder_version=&#8221;4.27.5&#8243; _module_preset=&#8221;default&#8221; hover_enabled=&#8221;0&#8243; sticky_enabled=&#8221;0&#8243; button_alignment=&#8221;center&#8221; global_colors_info=&#8221;{}&#8221; button_bg_color=&#8221;#000000&#8243;][\/et_pb_button][\/et_pb_column][\/et_pb_row][\/et_pb_section]<\/p>\n","protected":false},"excerpt":{"rendered":"<p>Autorska fotografia portretowa to nie tylko wykonanie zdj\u0119cia. To proces poznawania, budowania opowie\u015bci i wsp\u00f3lnego tworzenia obrazu, kt\u00f3ry b\u0119dzie sp\u00f3jny z tym, kim jeste\u015b&#8230;Profesjonalna fotografia portretowa dla os\u00f3b, kt\u00f3re potrzebuj\u0105 naturalnych i estetycznych zdj\u0119\u0107 do cel\u00f3w prywatnych lub zawodowych \u2014 na stron\u0119 internetow\u0105, do medi\u00f3w spo\u0142eczno\u015bciowych, materia\u0142\u00f3w promocyjnych lub archiwum osobistego. Sesja realizowana jest w [&hellip;]<\/p>\n","protected":false},"author":1,"featured_media":0,"parent":284,"menu_order":0,"comment_status":"closed","ping_status":"closed","template":"","meta":{"_et_pb_use_builder":"on","_et_pb_old_content":"","_et_gb_content_width":"","footnotes":""},"class_list":["post-16","page","type-page","status-publish","hentry"],"_links":{"self":[{"href":"https:\/\/dynga.pl\/index.php?rest_route=\/wp\/v2\/pages\/16","targetHints":{"allow":["GET"]}}],"collection":[{"href":"https:\/\/dynga.pl\/index.php?rest_route=\/wp\/v2\/pages"}],"about":[{"href":"https:\/\/dynga.pl\/index.php?rest_route=\/wp\/v2\/types\/page"}],"author":[{"embeddable":true,"href":"https:\/\/dynga.pl\/index.php?rest_route=\/wp\/v2\/users\/1"}],"replies":[{"embeddable":true,"href":"https:\/\/dynga.pl\/index.php?rest_route=%2Fwp%2Fv2%2Fcomments&post=16"}],"version-history":[{"count":31,"href":"https:\/\/dynga.pl\/index.php?rest_route=\/wp\/v2\/pages\/16\/revisions"}],"predecessor-version":[{"id":831,"href":"https:\/\/dynga.pl\/index.php?rest_route=\/wp\/v2\/pages\/16\/revisions\/831"}],"up":[{"embeddable":true,"href":"https:\/\/dynga.pl\/index.php?rest_route=\/wp\/v2\/pages\/284"}],"wp:attachment":[{"href":"https:\/\/dynga.pl\/index.php?rest_route=%2Fwp%2Fv2%2Fmedia&parent=16"}],"curies":[{"name":"wp","href":"https:\/\/api.w.org\/{rel}","templated":true}]}}