{"id":20,"date":"2025-05-20T09:32:16","date_gmt":"2025-05-20T09:32:16","guid":{"rendered":"https:\/\/dynga.pl\/?page_id=20"},"modified":"2025-10-07T17:35:33","modified_gmt":"2025-10-07T17:35:33","slug":"kontakt","status":"publish","type":"page","link":"https:\/\/dynga.pl\/?page_id=20","title":{"rendered":"Kontakt"},"content":{"rendered":"<p>[et_pb_section fb_built=&#8221;1&#8243; admin_label=&#8221;Header &#038; Contact&#8221; _builder_version=&#8221;4.27.4&#8243; _module_preset=&#8221;default&#8221; background_image=&#8221;http:\/\/dynga.pl\/wp-content\/uploads\/2025\/08\/tlo_dynia.png&#8221; parallax=&#8221;on&#8221; locked=&#8221;off&#8221; collapsed=&#8221;on&#8221; global_colors_info=&#8221;{}&#8221;][et_pb_row _builder_version=&#8221;4.25.1&#8243; _module_preset=&#8221;default&#8221; global_colors_info=&#8221;{}&#8221;][et_pb_column type=&#8221;4_4&#8243; _builder_version=&#8221;4.25.1&#8243; _module_preset=&#8221;default&#8221; global_colors_info=&#8221;{}&#8221;][et_pb_heading title=&#8221;Skontaktuj si\u0119 ze mn\u0105 \ud83d\udcec&#8221; _builder_version=&#8221;4.25.1&#8243; _module_preset=&#8221;28230856-e7f4-4b1c-bdc3-41bbd5d7a1e8&#8243; title_text_align=&#8221;center&#8221; global_colors_info=&#8221;{}&#8221;][\/et_pb_heading][et_pb_text _builder_version=&#8221;4.27.4&#8243; _module_preset=&#8221;f0eef815-de1e-4d07-b1eb-1c6b6750335d&#8221; text_orientation=&#8221;center&#8221; global_colors_info=&#8221;{}&#8221;]<\/p>\n<p>Masz pytanie, chcesz zarezerwowa\u0107 sesj\u0119 albo po prostu porozmawia\u0107 o pomy\u015ble na zdj\u0119cia?<br \/>Napisz do mnie \u2013 z przyjemno\u015bci\u0105 odpowiem na ka\u017cd\u0105 wiadomo\u015b\u0107 \ud83d\udc8c<\/p>\n<p>[\/et_pb_text][\/et_pb_column][\/et_pb_row][et_pb_row column_structure=&#8221;1_2,1_2&#8243; _builder_version=&#8221;4.25.1&#8243; _module_preset=&#8221;default&#8221; locked=&#8221;off&#8221; global_colors_info=&#8221;{}&#8221;][et_pb_column type=&#8221;1_2&#8243; _builder_version=&#8221;4.25.1&#8243; _module_preset=&#8221;default&#8221; custom_padding=&#8221;30px|30px|30px|30px|true|true&#8221; custom_padding_tablet=&#8221;30px|30px|30px|30px|true|true&#8221; custom_padding_phone=&#8221;20px|20px|20px|20px|true|true&#8221; custom_padding_last_edited=&#8221;on|phone&#8221; border_width_all=&#8221;4px&#8221; border_color_all=&#8221;gcid-2f5b30e8-0b99-49ac-8bde-95b2f7f6fb2c&#8221; global_colors_info=&#8221;{%22gcid-2f5b30e8-0b99-49ac-8bde-95b2f7f6fb2c%22:%91%22border_color_all%22%93}&#8221;][et_pb_heading title=&#8221;Lokalizacja&#8221; title_last_edited=&#8221;off|desktop&#8221; _builder_version=&#8221;4.27.4&#8243; _module_preset=&#8221;7660d083-3bca-4c25-ba76-44f0bcd9a43c&#8221; locked=&#8221;off&#8221; global_colors_info=&#8221;{}&#8221;][\/et_pb_heading][et_pb_text _builder_version=&#8221;4.27.4&#8243; _module_preset=&#8221;f0eef815-de1e-4d07-b1eb-1c6b6750335d&#8221; custom_margin=&#8221;||8px||false|false&#8221; global_colors_info=&#8221;{}&#8221;]\ud83d\udccd Dzia\u0142am g\u0142\u00f3wnie na \u015al\u0105sku (Zabrze) ale nie boj\u0119 si\u0119 dalszych wypraw \u2013 dojad\u0119 tam, gdzie dzieje si\u0119 co\u015b pi\u0119knego.[\/et_pb_text][\/et_pb_column][et_pb_column type=&#8221;1_2&#8243; _builder_version=&#8221;4.25.1&#8243; _module_preset=&#8221;default&#8221; custom_padding=&#8221;30px|30px|30px|30px|true|true&#8221; custom_padding_tablet=&#8221;30px|30px|30px|30px|true|true&#8221; custom_padding_phone=&#8221;20px|20px|20px|20px|true|true&#8221; custom_padding_last_edited=&#8221;on|phone&#8221; border_width_all=&#8221;4px&#8221; border_color_all=&#8221;gcid-3f98729a-f325-4262-9065-9ac1c05e54f8&#8243; global_colors_info=&#8221;{%22gcid-3f98729a-f325-4262-9065-9ac1c05e54f8%22:%91%22border_color_all%22%93}&#8221;][et_pb_heading title=&#8221;Jak pracuj\u0119&#8221; _builder_version=&#8221;4.27.4&#8243; _module_preset=&#8221;7660d083-3bca-4c25-ba76-44f0bcd9a43c&#8221; locked=&#8221;off&#8221; global_colors_info=&#8221;{}&#8221;][\/et_pb_heading][et_pb_text _builder_version=&#8221;4.27.4&#8243; _module_preset=&#8221;f0eef815-de1e-4d07-b1eb-1c6b6750335d&#8221; custom_margin=&#8221;||8px||false|false&#8221; global_colors_info=&#8221;{}&#8221;]\ud83d\udcf8 Sesje umawiam indywidualnie \u2013 dopasowuj\u0119 miejsce, klimat i godzin\u0119 do Was i \u015bwiat\u0142a.[\/et_pb_text][\/et_pb_column][\/et_pb_row][et_pb_row _builder_version=&#8221;4.25.1&#8243; _module_preset=&#8221;default&#8221; global_colors_info=&#8221;{}&#8221;][et_pb_column type=&#8221;4_4&#8243; _builder_version=&#8221;4.25.1&#8243; _module_preset=&#8221;default&#8221; global_colors_info=&#8221;{}&#8221;][et_pb_contact_form captcha=&#8221;off&#8221; email=&#8221;grochowska.foto@gmail.com&#8221; _builder_version=&#8221;4.27.4&#8243; _module_preset=&#8221;155ca2cc-c7cc-4362-8fae-8284b3d2dfa9&#8243; locked=&#8221;off&#8221; global_colors_info=&#8221;{%22gcid-3f98729a-f325-4262-9065-9ac1c05e54f8%22:%91%22link_text_color%22,%22quote_text_color%22,%22quote_border_color%22%93}&#8221;][et_pb_contact_field field_id=&#8221;Imi\u0119&#8221; field_title=&#8221;Imi\u0119 i nazwisko&#8221; fullwidth_field=&#8221;on&#8221; _builder_version=&#8221;4.27.4&#8243; _module_preset=&#8221;default&#8221; form_field_background_color=&#8221;#FFFFFF&#8221; global_colors_info=&#8221;{}&#8221; button_text_size__hover_enabled=&#8221;off&#8221; button_one_text_size__hover_enabled=&#8221;off&#8221; button_two_text_size__hover_enabled=&#8221;off&#8221; button_text_color__hover_enabled=&#8221;off&#8221; button_one_text_color__hover_enabled=&#8221;off&#8221; button_two_text_color__hover_enabled=&#8221;off&#8221; button_border_width__hover_enabled=&#8221;off&#8221; button_one_border_width__hover_enabled=&#8221;off&#8221; button_two_border_width__hover_enabled=&#8221;off&#8221; button_border_color__hover_enabled=&#8221;off&#8221; button_one_border_color__hover_enabled=&#8221;off&#8221; button_two_border_color__hover_enabled=&#8221;off&#8221; button_border_radius__hover_enabled=&#8221;off&#8221; button_one_border_radius__hover_enabled=&#8221;off&#8221; button_two_border_radius__hover_enabled=&#8221;off&#8221; button_letter_spacing__hover_enabled=&#8221;off&#8221; button_one_letter_spacing__hover_enabled=&#8221;off&#8221; button_two_letter_spacing__hover_enabled=&#8221;off&#8221; button_bg_color__hover_enabled=&#8221;off&#8221; button_one_bg_color__hover_enabled=&#8221;off&#8221; button_two_bg_color__hover_enabled=&#8221;off&#8221;][\/et_pb_contact_field][et_pb_contact_field field_id=&#8221;Email&#8221; field_title=&#8221;Tw\u00f3j adres e-mail&#8221; field_type=&#8221;email&#8221; fullwidth_field=&#8221;on&#8221; _builder_version=&#8221;4.27.4&#8243; _module_preset=&#8221;default&#8221; form_field_background_color=&#8221;#FFFFFF&#8221; global_colors_info=&#8221;{}&#8221; button_text_size__hover_enabled=&#8221;off&#8221; button_one_text_size__hover_enabled=&#8221;off&#8221; button_two_text_size__hover_enabled=&#8221;off&#8221; button_text_color__hover_enabled=&#8221;off&#8221; button_one_text_color__hover_enabled=&#8221;off&#8221; button_two_text_color__hover_enabled=&#8221;off&#8221; button_border_width__hover_enabled=&#8221;off&#8221; button_one_border_width__hover_enabled=&#8221;off&#8221; button_two_border_width__hover_enabled=&#8221;off&#8221; button_border_color__hover_enabled=&#8221;off&#8221; button_one_border_color__hover_enabled=&#8221;off&#8221; button_two_border_color__hover_enabled=&#8221;off&#8221; button_border_radius__hover_enabled=&#8221;off&#8221; button_one_border_radius__hover_enabled=&#8221;off&#8221; button_two_border_radius__hover_enabled=&#8221;off&#8221; button_letter_spacing__hover_enabled=&#8221;off&#8221; button_one_letter_spacing__hover_enabled=&#8221;off&#8221; button_two_letter_spacing__hover_enabled=&#8221;off&#8221; button_bg_color__hover_enabled=&#8221;off&#8221; button_one_bg_color__hover_enabled=&#8221;off&#8221; button_two_bg_color__hover_enabled=&#8221;off&#8221;][\/et_pb_contact_field][et_pb_contact_field field_id=&#8221;Wiadomo\u015b\u0107&#8221; field_title=&#8221;Tre\u015b\u0107 wiadomo\u015bci&#8221; field_type=&#8221;text&#8221; fullwidth_field=&#8221;on&#8221; _builder_version=&#8221;4.27.4&#8243; _module_preset=&#8221;default&#8221; form_field_background_color=&#8221;#FFFFFF&#8221; global_colors_info=&#8221;{}&#8221; button_text_size__hover_enabled=&#8221;off&#8221; button_one_text_size__hover_enabled=&#8221;off&#8221; button_two_text_size__hover_enabled=&#8221;off&#8221; button_text_color__hover_enabled=&#8221;off&#8221; button_one_text_color__hover_enabled=&#8221;off&#8221; button_two_text_color__hover_enabled=&#8221;off&#8221; button_border_width__hover_enabled=&#8221;off&#8221; button_one_border_width__hover_enabled=&#8221;off&#8221; button_two_border_width__hover_enabled=&#8221;off&#8221; button_border_color__hover_enabled=&#8221;off&#8221; button_one_border_color__hover_enabled=&#8221;off&#8221; button_two_border_color__hover_enabled=&#8221;off&#8221; button_border_radius__hover_enabled=&#8221;off&#8221; button_one_border_radius__hover_enabled=&#8221;off&#8221; button_two_border_radius__hover_enabled=&#8221;off&#8221; button_letter_spacing__hover_enabled=&#8221;off&#8221; button_one_letter_spacing__hover_enabled=&#8221;off&#8221; button_two_letter_spacing__hover_enabled=&#8221;off&#8221; button_bg_color__hover_enabled=&#8221;off&#8221; button_one_bg_color__hover_enabled=&#8221;off&#8221; button_two_bg_color__hover_enabled=&#8221;off&#8221;][\/et_pb_contact_field][\/et_pb_contact_form][\/et_pb_column][\/et_pb_row][\/et_pb_section][et_pb_section fb_built=&#8221;1&#8243; admin_label=&#8221;Frequently Asked Questions&#8221; _builder_version=&#8221;4.23.1&#8243; _module_preset=&#8221;default&#8221; locked=&#8221;off&#8221; collapsed=&#8221;on&#8221; global_colors_info=&#8221;{}&#8221;][et_pb_row column_structure=&#8221;1_2,1_2&#8243; _builder_version=&#8221;4.17.6&#8243; _module_preset=&#8221;5138c454-be54-4233-bd3b-f8e6a8747976&#8243; global_colors_info=&#8221;{}&#8221;][et_pb_column type=&#8221;1_2&#8243; _builder_version=&#8221;4.16&#8243; _module_preset=&#8221;73121f80-a3ef-4484-8763-c3f18e3c56d2&#8243; global_colors_info=&#8221;{}&#8221;][et_pb_heading title=&#8221;Najcz\u0119\u015bciej Zadawane Pytania&#8221; _builder_version=&#8221;4.27.4&#8243; _module_preset=&#8221;c33f07d9-41e0-421a-8799-5799df695cce&#8221; title_font=&#8221;&#8211;et_global_heading_font|600|||||||&#8221; hover_enabled=&#8221;0&#8243; locked=&#8221;off&#8221; global_colors_info=&#8221;{}&#8221; sticky_enabled=&#8221;0&#8243;][\/et_pb_heading][et_pb_text _builder_version=&#8221;4.27.4&#8243; _module_preset=&#8221;2c55a9c4-feed-423b-9edb-ae0b5b365cac&#8221; text_font=&#8221;&#8211;et_global_body_font|Lora_weight|||||||&#8221; link_font=&#8221;|Lora_weight|||||||&#8221; link_text_color=&#8221;#22577a&#8221; quote_font=&#8221;Quattrocento|Quattrocento_weight|||||||&#8221; header_font=&#8221;Quattrocento|Quattrocento_weight|||||||&#8221; header_2_font=&#8221;Quattrocento|Quattrocento_weight|||||||&#8221; header_3_font=&#8221;Quattrocento|Quattrocento_weight|||||||&#8221; header_4_font=&#8221;Quattrocento|Quattrocento_weight|||||||&#8221; header_5_font=&#8221;Quattrocento|Quattrocento_weight|||||||&#8221; header_6_font=&#8221;Quattrocento|Quattrocento_weight|||||||&#8221; hover_enabled=&#8221;0&#8243; locked=&#8221;off&#8221; global_colors_info=&#8221;{}&#8221; sticky_enabled=&#8221;0&#8243;]<\/p>\n<p>W tej sekcji znajdziesz odpowiedzi na najcz\u0119\u015bciej zadawane pytania dotycz\u0105ce mojej pracy i us\u0142ug fotograficznych. Je\u015bli masz dodatkowe pytania, nie wahaj si\u0119 ze mn\u0105 skontaktowa\u0107!<\/p>\n<p>[\/et_pb_text][et_pb_accordion open_toggle_text_color=&#8221;#22577a&#8221; icon_color=&#8221;#22577a&#8221; _builder_version=&#8221;4.27.4&#8243; _module_preset=&#8221;73efbc9d-37bf-4f75-b3d8-498640ef079f&#8221; hover_enabled=&#8221;0&#8243; locked=&#8221;off&#8221; global_colors_info=&#8221;{%22gcid-36fd78a7-34bc-404d-873c-dafa34efaae5%22:%91%22quote_icon_color%22,%22quote_icon_color%22,%22quote_icon_color%22,%22icon_color%22,%22open_toggle_text_color%22%93,%22gcid-primary-color%22:%91%22open_toggle_text_color%22,%22icon_color%22,%22open_toggle_text_color%22,%22icon_color%22%93,%22gcid-heading-color%22:%91%22toggle_text_color%22,%22toggle_text_color%22%93,%22gcid-body-color%22:%91%22body_text_color%22,%22body_text_color%22%93,%22gcid-f2943306-fa6c-45f0-b632-5fc00151366a%22:%91%22icon_color%22,%22open_toggle_text_color%22%93,%22gcid-3e0ae39b-d026-4173-b444-0c785917aeff%22:%91%22body_text_color%22%93,%22gcid-828accbb-1ed2-407d-95be-20ab4e191566%22:%91%22border_color_all%22%93}&#8221; sticky_enabled=&#8221;0&#8243; quote_icon_color=&#8221;rgba(124,218,36,0.64)&#8221; toggle_text_color=&#8221;#0e0c19&#8243; border_width_all=&#8221;2px&#8221; body_text_color=&#8221;#3c3a47&#8243; border_color_all=&#8221;rgba(0,0,0,0.08)&#8221;][et_pb_accordion_item title=&#8221;Ile kosztuje sesja zdj\u0119ciowa?&#8221; open=&#8221;off&#8221; _builder_version=&#8221;4.27.4&#8243; _module_preset=&#8221;550abe5c-b505-4d6b-adc7-570bd7cc1217&#8243; hover_enabled=&#8221;0&#8243; global_colors_info=&#8221;{}&#8221; sticky_enabled=&#8221;0&#8243;]<\/p>\n<p>Ceny sesji s\u0105 zr\u00f3\u017cnicowane i zale\u017c\u0105 od jej rodzaju oraz zakresu. Skontaktuj si\u0119 ze mn\u0105, a przygotuj\u0119 dla Ciebie indywidualn\u0105 ofert\u0119, kt\u00f3ra spe\u0142ni Twoje oczekiwania.<\/p>\n<p>[\/et_pb_accordion_item][et_pb_accordion_item title=&#8221;Gdzie odbywaj\u0105 si\u0119 sesje fotograficzne?&#8221; _builder_version=&#8221;4.21.0&#8243; _module_preset=&#8221;550abe5c-b505-4d6b-adc7-570bd7cc1217&#8243; global_colors_info=&#8221;{}&#8221; open=&#8221;off&#8221;]<\/p>\n<p>Najcz\u0119\u015bciej sesje odbywaj\u0105 si\u0119 w studiu w Bytomiu, lub plenerze na \u015al\u0105sku. Pracuj\u0119 r\u00f3wnie\u017c we wsp\u00f3lnie wybranych przestrzeniach lub w domach klient\u00f3w. Jestem otwarta na nowe lokalizacje i ch\u0119tnie zrealizuj\u0119 sesj\u0119 w miejscu, kt\u00f3re jest dla Ciebie wyj\u0105tkowe.<\/p>\n<p>[\/et_pb_accordion_item][et_pb_accordion_item title=&#8221;Ile trwa sesja zdj\u0119ciowa?&#8221; _builder_version=&#8221;4.21.0&#8243; _module_preset=&#8221;550abe5c-b505-4d6b-adc7-570bd7cc1217&#8243; global_colors_info=&#8221;{}&#8221; open=&#8221;on&#8221;]<\/p>\n<p>Standardowa sesja trwa od 1 do 2 godzin, jednak czas ten mo\u017ce si\u0119 r\u00f3\u017cni\u0107 w zale\u017cno\u015bci od rodzaju sesji i Waszego komfortu przed obiektywem.<\/p>\n<p>[\/et_pb_accordion_item][et_pb_accordion_item title=&#8221;Kiedy otrzymam zdj\u0119cia?&#8221; _builder_version=&#8221;4.27.4&#8243; _module_preset=&#8221;550abe5c-b505-4d6b-adc7-570bd7cc1217&#8243; hover_enabled=&#8221;0&#8243; global_colors_info=&#8221;{}&#8221; open=&#8221;off&#8221; sticky_enabled=&#8221;0&#8243;]<\/p>\n<p>Czas oczekiwania to zwykle 2\u20133 tygodnie. Starannie selekcjonuj\u0119 i obrabiam ka\u017cde zdj\u0119cie, by odda\u0107 Wam wyj\u0105tkow\u0105 pami\u0105tk\u0119.<\/p>\n<p>[\/et_pb_accordion_item][et_pb_accordion_item title=&#8221;Czy mog\u0119 zabra\u0107 zwierzaka lub dzieci?&#8221; _builder_version=&#8221;4.27.4&#8243; _module_preset=&#8221;550abe5c-b505-4d6b-adc7-570bd7cc1217&#8243; hover_enabled=&#8221;0&#8243; global_colors_info=&#8221;{}&#8221; open=&#8221;off&#8221; sticky_enabled=&#8221;0&#8243;]<\/p>\n<p>Oczywi\u015bcie! Kocham naturalno\u015b\u0107 i spontaniczno\u015b\u0107 \u2013 to one tworz\u0105 najpi\u0119kniejsze kadry \ud83d\udc3e\ud83d\udc68\u200d\ud83d\udc69\u200d\ud83d\udc67<\/p>\n<p>[\/et_pb_accordion_item][et_pb_accordion_item title=&#8221;Nie czuj\u0119 si\u0119 dobrze przed aparatem \u2013 co wtedy?&#8221; _builder_version=&#8221;4.27.4&#8243; _module_preset=&#8221;550abe5c-b505-4d6b-adc7-570bd7cc1217&#8243; hover_enabled=&#8221;0&#8243; global_colors_info=&#8221;{}&#8221; open=&#8221;off&#8221; sticky_enabled=&#8221;0&#8243;]<\/p>\n<p>Nie musisz pozowa\u0107! Tworz\u0119 przyjazn\u0105, lu\u017an\u0105 atmosfer\u0119 \u2013 po prostu b\u0105d\u017a sob\u0105, a ja zajm\u0119 si\u0119 reszt\u0105 \u2728<\/p>\n<p>[\/et_pb_accordion_item][\/et_pb_accordion][\/et_pb_column][et_pb_column type=&#8221;1_2&#8243; _builder_version=&#8221;4.16&#8243; _module_preset=&#8221;73121f80-a3ef-4484-8763-c3f18e3c56d2&#8243; global_colors_info=&#8221;{}&#8221;][et_pb_image src=&#8221;http:\/\/dynga.pl\/wp-content\/uploads\/2025\/10\/20150903_9803-copy-1-scaled.jpg&#8221; title_text=&#8221;20150903_9803 copy&#8221; _builder_version=&#8221;4.27.4&#8243; _module_preset=&#8221;1cc6152f-565c-4c4d-b0c9-cf8c9576c341&#8243; hover_enabled=&#8221;0&#8243; global_colors_info=&#8221;{}&#8221; sticky_enabled=&#8221;0&#8243;][\/et_pb_image][\/et_pb_column][\/et_pb_row][\/et_pb_section]<\/p>\n","protected":false},"excerpt":{"rendered":"<p>Masz pytanie, chcesz zarezerwowa\u0107 sesj\u0119 albo po prostu porozmawia\u0107 o pomy\u015ble na zdj\u0119cia?Napisz do mnie \u2013 z przyjemno\u015bci\u0105 odpowiem na ka\u017cd\u0105 wiadomo\u015b\u0107 \ud83d\udc8c\ud83d\udccd Dzia\u0142am g\u0142\u00f3wnie na \u015al\u0105sku (Zabrze) ale nie boj\u0119 si\u0119 dalszych wypraw \u2013 dojad\u0119 tam, gdzie dzieje si\u0119 co\u015b pi\u0119knego.\ud83d\udcf8 Sesje umawiam indywidualnie \u2013 dopasowuj\u0119 miejsce, klimat i godzin\u0119 do Was i \u015bwiat\u0142a.W [&hellip;]<\/p>\n","protected":false},"author":1,"featured_media":0,"parent":0,"menu_order":0,"comment_status":"closed","ping_status":"closed","template":"","meta":{"_et_pb_use_builder":"on","_et_pb_old_content":"","_et_gb_content_width":"","footnotes":""},"class_list":["post-20","page","type-page","status-publish","hentry"],"_links":{"self":[{"href":"https:\/\/dynga.pl\/index.php?rest_route=\/wp\/v2\/pages\/20","targetHints":{"allow":["GET"]}}],"collection":[{"href":"https:\/\/dynga.pl\/index.php?rest_route=\/wp\/v2\/pages"}],"about":[{"href":"https:\/\/dynga.pl\/index.php?rest_route=\/wp\/v2\/types\/page"}],"author":[{"embeddable":true,"href":"https:\/\/dynga.pl\/index.php?rest_route=\/wp\/v2\/users\/1"}],"replies":[{"embeddable":true,"href":"https:\/\/dynga.pl\/index.php?rest_route=%2Fwp%2Fv2%2Fcomments&post=20"}],"version-history":[{"count":17,"href":"https:\/\/dynga.pl\/index.php?rest_route=\/wp\/v2\/pages\/20\/revisions"}],"predecessor-version":[{"id":601,"href":"https:\/\/dynga.pl\/index.php?rest_route=\/wp\/v2\/pages\/20\/revisions\/601"}],"wp:attachment":[{"href":"https:\/\/dynga.pl\/index.php?rest_route=%2Fwp%2Fv2%2Fmedia&parent=20"}],"curies":[{"name":"wp","href":"https:\/\/api.w.org\/{rel}","templated":true}]}}