{"id":656,"date":"2026-01-20T16:33:16","date_gmt":"2026-01-20T16:33:16","guid":{"rendered":"https:\/\/dynga.pl\/?page_id=656"},"modified":"2026-03-29T16:44:29","modified_gmt":"2026-03-29T16:44:29","slug":"rodzina","status":"publish","type":"page","link":"https:\/\/dynga.pl\/?page_id=656","title":{"rendered":"Rodzina"},"content":{"rendered":"<p>[et_pb_section fb_built=&#8221;1&#8243; admin_label=&#8221;Header&#8221; _builder_version=&#8221;4.25.1&#8243; _module_preset=&#8221;default&#8221; custom_padding=&#8221;0px||0px||true|false&#8221; hover_enabled=&#8221;0&#8243; collapsed=&#8221;on&#8221; global_colors_info=&#8221;{}&#8221; sticky_enabled=&#8221;0&#8243;][et_pb_row column_structure=&#8221;1_2,1_2&#8243; use_custom_gutter=&#8221;on&#8221; gutter_width=&#8221;1&#8243; make_equal=&#8221;on&#8221; _builder_version=&#8221;4.27.5&#8243; _module_preset=&#8221;default&#8221; background_image=&#8221;http:\/\/dynga.pl\/wp-content\/uploads\/2025\/10\/sesja_rodzinna_001.jpg&#8221; width=&#8221;100%&#8221; max_width=&#8221;none&#8221; custom_padding=&#8221;0px||0px||true|false&#8221; hover_enabled=&#8221;0&#8243; global_colors_info=&#8221;{}&#8221; sticky_enabled=&#8221;0&#8243;][et_pb_column type=&#8221;1_2&#8243; _builder_version=&#8221;4.27.5&#8243; _module_preset=&#8221;default&#8221; background_enable_color=&#8221;off&#8221; background_image=&#8221;http:\/\/dynga.pl\/wp-content\/uploads\/2025\/10\/eatery-03.jpg&#8221; background_blend=&#8221;multiply&#8221; custom_padding=&#8221;10%|5%|10%|5%|true|true&#8221; hover_enabled=&#8221;0&#8243; global_colors_info=&#8221;{}&#8221; sticky_enabled=&#8221;0&#8243;][et_pb_image src=&#8221;http:\/\/dynga.pl\/wp-content\/uploads\/2025\/10\/30x40_02-scaled-e1768927028336.jpg&#8221; title_text=&#8221;30x40_02&#8243; align=&#8221;center&#8221; _builder_version=&#8221;4.27.5&#8243; _module_preset=&#8221;default&#8221; width=&#8221;60%&#8221; module_alignment=&#8221;center&#8221; custom_margin=&#8221;||30px||false|false&#8221; hover_enabled=&#8221;0&#8243; global_colors_info=&#8221;{}&#8221; sticky_enabled=&#8221;0&#8243;][\/et_pb_image][et_pb_button button_text=&#8221;Order Online&#8221; button_alignment=&#8221;center&#8221; _builder_version=&#8221;4.25.1&#8243; _module_preset=&#8221;6648b212-4529-45ac-a093-fbf4df975b1c&#8221; global_colors_info=&#8221;{}&#8221;][\/et_pb_button][\/et_pb_column][et_pb_column type=&#8221;1_2&#8243; _builder_version=&#8221;4.27.5&#8243; _module_preset=&#8221;default&#8221; background_image=&#8221;http:\/\/dynga.pl\/wp-content\/uploads\/2026\/01\/Kinga_Damian_01_110.jpg&#8221; global_colors_info=&#8221;{}&#8221;][et_pb_divider show_divider=&#8221;off&#8221; _builder_version=&#8221;4.25.1&#8243; _module_preset=&#8221;default&#8221; height_tablet=&#8221;50vw&#8221; height_phone=&#8221;50vw&#8221; height_last_edited=&#8221;on|phone&#8221; global_colors_info=&#8221;{}&#8221;][\/et_pb_divider][\/et_pb_column][\/et_pb_row][\/et_pb_section][et_pb_section fb_built=&#8221;1&#8243; admin_label=&#8221;About&#8221; _builder_version=&#8221;4.25.1&#8243; _module_preset=&#8221;default&#8221; collapsed=&#8221;on&#8221; global_colors_info=&#8221;{}&#8221;][et_pb_row column_structure=&#8221;2_3,1_3&#8243; _builder_version=&#8221;4.25.1&#8243; _module_preset=&#8221;default&#8221; global_colors_info=&#8221;{}&#8221;][et_pb_column type=&#8221;2_3&#8243; _builder_version=&#8221;4.25.1&#8243; _module_preset=&#8221;default&#8221; global_colors_info=&#8221;{}&#8221;][et_pb_heading title=&#8221;Fotografia rodzinna to co\u015b wi\u0119cej ni\u017c zdj\u0119cia -&#8221; _builder_version=&#8221;4.25.1&#8243; _module_preset=&#8221;7ba8f0ac-095a-405a-a21f-cdf335dface3&#8243; global_colors_info=&#8221;{}&#8221;][\/et_pb_heading][et_pb_text _builder_version=&#8221;4.25.1&#8243; _module_preset=&#8221;c117467f-b299-4f5d-98c5-06115d7bfaeb&#8221; global_colors_info=&#8221;{}&#8221;]<\/p>\n<p>to emocje, relacje i wspomnienia, kt\u00f3re z czasem staj\u0105 si\u0119 bezcenne. Podczas sesji skupiam si\u0119 na Waszej naturalnej blisko\u015bci: czu\u0142ych gestach, wsp\u00f3lnym \u015bmiechu i spojrzeniach, kt\u00f3re m\u00f3wi\u0105 wi\u0119cej ni\u017c s\u0142owa. Chc\u0119, by zdj\u0119cia, kt\u00f3re otrzymacie, by\u0142y pe\u0142ne ciep\u0142a, prawdy i codziennego pi\u0119kna.<\/p>\n<p>[\/et_pb_text][\/et_pb_column][et_pb_column type=&#8221;1_3&#8243; _builder_version=&#8221;4.25.1&#8243; _module_preset=&#8221;default&#8221; custom_padding=&#8221;30px|30px|30px|30px|true|true&#8221; custom_padding_tablet=&#8221;30px|30px|30px|30px|true|true&#8221; custom_padding_phone=&#8221;20px|20px|20px|20px|true|true&#8221; custom_padding_last_edited=&#8221;on|phone&#8221; border_width_all=&#8221;4px&#8221; border_color_all=&#8221;gcid-2f5b30e8-0b99-49ac-8bde-95b2f7f6fb2c&#8221; global_colors_info=&#8221;{%22gcid-2f5b30e8-0b99-49ac-8bde-95b2f7f6fb2c%22:%91%22border_color_all%22%93}&#8221;][et_pb_heading title=&#8221;Jak pracuj\u0119&#8221; _builder_version=&#8221;4.27.5&#8243; _module_preset=&#8221;5c57ebfb-9aa7-4e0a-9d71-0fb2d2fc0ebf&#8221; locked=&#8221;off&#8221; global_colors_info=&#8221;{}&#8221;][\/et_pb_heading][et_pb_text _builder_version=&#8221;4.27.5&#8243; _module_preset=&#8221;c117467f-b299-4f5d-98c5-06115d7bfaeb&#8221; custom_margin=&#8221;||8px||false|false&#8221; global_colors_info=&#8221;{}&#8221;]\u2022 dbam o swobodn\u0105 atmosfer\u0119<br \/>\n\u2022 podpowiadam, ale nie re\u017cyseruj\u0119<br \/>\n\u2022 skupiam si\u0119 na relacjach[\/et_pb_text][et_pb_button button_text=&#8221;Dowiedz si\u0119 wi\u0119cej&#8221; _builder_version=&#8221;4.27.5&#8243; _module_preset=&#8221;c71eabac-7f42-4a56-a5d5-c1cf26e4cf0d&#8221; custom_margin=&#8221;30px||||false|false&#8221; global_colors_info=&#8221;{}&#8221;][\/et_pb_button][\/et_pb_column][\/et_pb_row][\/et_pb_section][et_pb_section fb_built=&#8221;1&#8243; admin_label=&#8221;Fullwidth Image&#8221; _builder_version=&#8221;4.25.1&#8243; _module_preset=&#8221;default&#8221; custom_padding=&#8221;0px||0px||true|false&#8221; collapsed=&#8221;on&#8221; global_colors_info=&#8221;{}&#8221;][et_pb_row _builder_version=&#8221;4.25.1&#8243; _module_preset=&#8221;default&#8221; width=&#8221;100%&#8221; max_width=&#8221;none&#8221; custom_padding=&#8221;0px||0px||true|false&#8221; global_colors_info=&#8221;{}&#8221;][et_pb_column type=&#8221;4_4&#8243; _builder_version=&#8221;4.25.1&#8243; _module_preset=&#8221;default&#8221; global_colors_info=&#8221;{}&#8221;][et_pb_image src=&#8221;http:\/\/dynga.pl\/wp-content\/uploads\/2025\/10\/sesja_rodzinna_001.jpg&#8221; title_text=&#8221;Sesja Rodzinna &#8221; force_fullwidth=&#8221;on&#8221; _builder_version=&#8221;4.27.5&#8243; _module_preset=&#8221;default&#8221; global_colors_info=&#8221;{}&#8221;][\/et_pb_image][\/et_pb_column][\/et_pb_row][\/et_pb_section][et_pb_section fb_built=&#8221;1&#8243; specialty=&#8221;on&#8221; admin_label=&#8221;Menu&#8221; _builder_version=&#8221;4.25.1&#8243; _module_preset=&#8221;default&#8221; collapsed=&#8221;on&#8221; global_colors_info=&#8221;{}&#8221;][et_pb_column type=&#8221;1_3&#8243; _builder_version=&#8221;4.16&#8243; _module_preset=&#8221;default&#8221; custom_padding=&#8221;|||&#8221; global_colors_info=&#8221;{}&#8221; custom_padding__hover=&#8221;|||&#8221;][et_pb_image src=&#8221;http:\/\/dynga.pl\/wp-content\/uploads\/2025\/10\/20150903_9803-copy-1-scaled.jpg&#8221; title_text=&#8221;20150903_9803 copy&#8221; _builder_version=&#8221;4.27.5&#8243; _module_preset=&#8221;default&#8221; custom_margin=&#8221;|||-10vw|false|false&#8221; custom_margin_tablet=&#8221;|||0vw|false|false&#8221; custom_margin_phone=&#8221;|||0vw|false|false&#8221; custom_margin_last_edited=&#8221;on|desktop&#8221; global_colors_info=&#8221;{}&#8221;][\/et_pb_image][\/et_pb_column][et_pb_column type=&#8221;2_3&#8243; specialty_columns=&#8221;2&#8243; _builder_version=&#8221;4.16&#8243; _module_preset=&#8221;default&#8221; custom_padding=&#8221;|||&#8221; global_colors_info=&#8221;{}&#8221; custom_padding__hover=&#8221;|||&#8221;][et_pb_row_inner _builder_version=&#8221;4.27.5&#8243; _module_preset=&#8221;default&#8221; global_colors_info=&#8221;{}&#8221;][et_pb_column_inner saved_specialty_column_type=&#8221;2_3&#8243; _builder_version=&#8221;4.25.1&#8243; _module_preset=&#8221;default&#8221; global_colors_info=&#8221;{}&#8221;][et_pb_heading title=&#8221;Co obejmuje sesja?&#8221; _builder_version=&#8221;4.27.5&#8243; _module_preset=&#8221;2d8a93dd-c95d-432d-9e06-a8051c01325d&#8221; locked=&#8221;off&#8221; global_colors_info=&#8221;{}&#8221;][\/et_pb_heading][et_pb_heading title=&#8221;Naturalna i pe\u0142na emocji sesja&#8221; _builder_version=&#8221;4.27.5&#8243; _module_preset=&#8221;5c57ebfb-9aa7-4e0a-9d71-0fb2d2fc0ebf&#8221; custom_margin=&#8221;||0px||false|false&#8221; locked=&#8221;off&#8221; global_colors_info=&#8221;{}&#8221;][\/et_pb_heading][et_pb_text _builder_version=&#8221;4.27.5&#8243; _module_preset=&#8221;d1429d21-c8b7-404a-93a6-930f3e0f414b&#8221; global_colors_info=&#8221;{}&#8221;]- sesje rodzinne w plenerze lub w Waszym domu \u2014 tam, gdzie czujecie si\u0119 swobodnie;<br \/>\n&#8211; sesje lifestyle \u2014 bez sztucznego pozowania, w rytmie Waszej rodziny;<br \/>\n&#8211; uwaga na szczeg\u00f3\u0142y i emocje, kt\u00f3re tworz\u0105 prawdziwe wspomnienia;[\/et_pb_text][et_pb_heading title=&#8221;R\u00f3\u017cne opcje realizacji&#8221; _builder_version=&#8221;4.27.5&#8243; _module_preset=&#8221;5c57ebfb-9aa7-4e0a-9d71-0fb2d2fc0ebf&#8221; custom_margin=&#8221;||0px||false|false&#8221; locked=&#8221;off&#8221; global_colors_info=&#8221;{}&#8221;][\/et_pb_heading][et_pb_text _builder_version=&#8221;4.27.5&#8243; _module_preset=&#8221;d1429d21-c8b7-404a-93a6-930f3e0f414b&#8221; global_colors_info=&#8221;{}&#8221;]- plenerowe \u2013 w parku, w lesie, na \u0142\u0105ce, w miejskiej scenerii;<br \/>\n&#8211; domowe (lifestyle) \u2013 naturalne zdj\u0119cia w codziennym otoczeniu;<br \/>\n&#8211; sesje tematyczne (np. urodzinowe, sezonowe, wielopokoleniowe) \u2014 ch\u0119tnie przygotuj\u0119 dopasowan\u0105 koncepcj\u0119[\/et_pb_text][et_pb_heading title=&#8221;\u2764\ufe0f Dlaczego warto?&#8221; _builder_version=&#8221;4.27.5&#8243; _module_preset=&#8221;5c57ebfb-9aa7-4e0a-9d71-0fb2d2fc0ebf&#8221; custom_margin=&#8221;||0px||false|false&#8221; locked=&#8221;off&#8221; global_colors_info=&#8221;{}&#8221;][\/et_pb_heading][et_pb_text _builder_version=&#8221;4.27.5&#8243; _module_preset=&#8221;d1429d21-c8b7-404a-93a6-930f3e0f414b&#8221; global_colors_info=&#8221;{}&#8221;]Naturalno\u015b\u0107 ponad pozowanie \u2014 stawiam na prawdziwe gesty i emocje, nie sztuczne u\u015bmiechy;<br \/>\nSesja dopasowana do Was \u2014 tempo, miejsce i styl ustalamy wsp\u00f3lnie, aby by\u0142o wygodnie i przyjemnie;<br \/>\nPi\u0119kne pami\u0105tki na lata \u2014 zdj\u0119cia, kt\u00f3re przetrwaj\u0105 czas i b\u0119d\u0105 Waszym skarbem[\/et_pb_text][et_pb_heading title=&#8221;Co otrzymujesz po sesji?&#8221; _builder_version=&#8221;4.27.5&#8243; _module_preset=&#8221;5c57ebfb-9aa7-4e0a-9d71-0fb2d2fc0ebf&#8221; custom_margin=&#8221;||0px||false|false&#8221; locked=&#8221;off&#8221; global_colors_info=&#8221;{}&#8221;][\/et_pb_heading][et_pb_text _builder_version=&#8221;4.27.5&#8243; _module_preset=&#8221;d1429d21-c8b7-404a-93a6-930f3e0f414b&#8221; global_colors_info=&#8221;{}&#8221;]\ud83d\udccc Profesjonalnie obrobione zdj\u0119cia w wysokiej jako\u015bci;<br \/>\n\ud83d\udccc Galeria online do wygodnego przegl\u0105dania i pobierania;<br \/>\n\ud83d\udccc Opcje dodatkowe (albumy, odbitki, foto-produkty \u2014 do wyboru po sesji).<\/p>\n<p>PS: Nie musisz wiedzie\u0107, jak pozowa\u0107 \u2014 poprowadz\u0119 Was tak, by\u015bcie czuli si\u0119 naturalnie i komfortowo przed obiektywem.[\/et_pb_text][et_pb_button button_text=&#8221;Zapytaj o ofert\u0119&#8221; _builder_version=&#8221;4.27.5&#8243; _module_preset=&#8221;c71eabac-7f42-4a56-a5d5-c1cf26e4cf0d&#8221; custom_margin=&#8221;30px||||false|false&#8221; global_colors_info=&#8221;{}&#8221;][\/et_pb_button][\/et_pb_column_inner][\/et_pb_row_inner][\/et_pb_column][\/et_pb_section][et_pb_section fb_built=&#8221;1&#8243; admin_label=&#8221;Gallery&#8221; _builder_version=&#8221;4.25.1&#8243; _module_preset=&#8221;default&#8221; collapsed=&#8221;on&#8221; global_colors_info=&#8221;{}&#8221;][et_pb_row column_structure=&#8221;1_3,1_3,1_3&#8243; use_custom_gutter=&#8221;on&#8221; gutter_width=&#8221;2&#8243; _builder_version=&#8221;4.25.1&#8243; _module_preset=&#8221;default&#8221; width=&#8221;100%&#8221; max_width=&#8221;none&#8221; custom_padding=&#8221;0px||0px||true|false&#8221; global_colors_info=&#8221;{}&#8221;][et_pb_column type=&#8221;1_3&#8243; _builder_version=&#8221;4.25.1&#8243; _module_preset=&#8221;default&#8221; global_colors_info=&#8221;{}&#8221;][et_pb_image src=&#8221;http:\/\/dynga.pl\/wp-content\/uploads\/2025\/10\/30x40_04-scaled.jpg&#8221; title_text=&#8221;30x40_04&#8243; _builder_version=&#8221;4.27.5&#8243; _module_preset=&#8221;default&#8221; global_colors_info=&#8221;{}&#8221;][\/et_pb_image][\/et_pb_column][et_pb_column type=&#8221;1_3&#8243; _builder_version=&#8221;4.25.1&#8243; _module_preset=&#8221;default&#8221; global_colors_info=&#8221;{}&#8221;][et_pb_image src=&#8221;http:\/\/dynga.pl\/wp-content\/uploads\/2025\/10\/30x40_01-scaled.jpg&#8221; title_text=&#8221;30x40_01&#8243; _builder_version=&#8221;4.27.5&#8243; _module_preset=&#8221;default&#8221; hover_enabled=&#8221;0&#8243; locked=&#8221;off&#8221; global_colors_info=&#8221;{}&#8221; sticky_enabled=&#8221;0&#8243;][\/et_pb_image][\/et_pb_column][et_pb_column type=&#8221;1_3&#8243; _builder_version=&#8221;4.25.1&#8243; _module_preset=&#8221;default&#8221; global_colors_info=&#8221;{}&#8221;][et_pb_image src=&#8221;http:\/\/dynga.pl\/wp-content\/uploads\/2025\/10\/30x40_03-scaled.jpg&#8221; title_text=&#8221;30x40_03&#8243; _builder_version=&#8221;4.27.5&#8243; _module_preset=&#8221;default&#8221; hover_enabled=&#8221;0&#8243; locked=&#8221;off&#8221; global_colors_info=&#8221;{}&#8221; sticky_enabled=&#8221;0&#8243;][\/et_pb_image][\/et_pb_column][\/et_pb_row][\/et_pb_section]<\/p>\n","protected":false},"excerpt":{"rendered":"<p>to emocje, relacje i wspomnienia, kt\u00f3re z czasem staj\u0105 si\u0119 bezcenne. Podczas sesji skupiam si\u0119 na Waszej naturalnej blisko\u015bci: czu\u0142ych gestach, wsp\u00f3lnym \u015bmiechu i spojrzeniach, kt\u00f3re m\u00f3wi\u0105 wi\u0119cej ni\u017c s\u0142owa. Chc\u0119, by zdj\u0119cia, kt\u00f3re otrzymacie, by\u0142y pe\u0142ne ciep\u0142a, prawdy i codziennego pi\u0119kna.\u2022 dbam o swobodn\u0105 atmosfer\u0119 \u2022 podpowiadam, ale nie re\u017cyseruj\u0119 \u2022 skupiam si\u0119 na [&hellip;]<\/p>\n","protected":false},"author":1,"featured_media":0,"parent":0,"menu_order":0,"comment_status":"closed","ping_status":"closed","template":"","meta":{"_et_pb_use_builder":"on","_et_pb_old_content":"","_et_gb_content_width":"","footnotes":""},"class_list":["post-656","page","type-page","status-publish","hentry"],"_links":{"self":[{"href":"https:\/\/dynga.pl\/index.php?rest_route=\/wp\/v2\/pages\/656","targetHints":{"allow":["GET"]}}],"collection":[{"href":"https:\/\/dynga.pl\/index.php?rest_route=\/wp\/v2\/pages"}],"about":[{"href":"https:\/\/dynga.pl\/index.php?rest_route=\/wp\/v2\/types\/page"}],"author":[{"embeddable":true,"href":"https:\/\/dynga.pl\/index.php?rest_route=\/wp\/v2\/users\/1"}],"replies":[{"embeddable":true,"href":"https:\/\/dynga.pl\/index.php?rest_route=%2Fwp%2Fv2%2Fcomments&post=656"}],"version-history":[{"count":14,"href":"https:\/\/dynga.pl\/index.php?rest_route=\/wp\/v2\/pages\/656\/revisions"}],"predecessor-version":[{"id":791,"href":"https:\/\/dynga.pl\/index.php?rest_route=\/wp\/v2\/pages\/656\/revisions\/791"}],"wp:attachment":[{"href":"https:\/\/dynga.pl\/index.php?rest_route=%2Fwp%2Fv2%2Fmedia&parent=656"}],"curies":[{"name":"wp","href":"https:\/\/api.w.org\/{rel}","templated":true}]}}